{"id":1197,"date":"2022-12-09T10:22:49","date_gmt":"2022-08-25T11:07:56","guid":{"rendered":"http:\/\/copyboom.ro\/copisteria-online-barata\/sevilla\/"},"modified":"2022-12-09T10:22:49","modified_gmt":"2022-12-09T10:22:49","slug":"sevilla","status":"publish","type":"page","link":"https:\/\/copyboom.ro\/es\/copyshop-online\/sevilla\/","title":{"rendered":"Copister\u00eda Online Sevilla"},"content":{"rendered":"<section data-vc-full-width=\"true\" data-vc-full-width-init=\"false\" data-vc-stretch-content=\"true\" class=\"vc_section rosa-b vc_custom_1657714284112 vc_section-has-fill\"><div class=\"vc_row wpb_row vc_row-fluid vc_custom_1657714257111\"><div class=\"wpb_animate_when_almost_visible wpb_bounceInLeft bounceInLeft wpb_column vc_column_container vc_col-sm-6\"><div class=\"vc_column-inner\"><div class=\"wpb_wrapper\">\n\t<div  class=\"wpb_single_image wpb_content_element vc_align_center  vc_custom_1669637950654\">\n\t\t\n\t\t<figure class=\"wpb_wrapper vc_figure\">\n\t\t\t<div class=\"vc_single_image-wrapper   vc_box_border_grey\"><img fetchpriority=\"high\" decoding=\"async\" width=\"800\" height=\"1005\" src=\"https:\/\/copyboom.ro\/wp-content\/uploads\/2022\/11\/Mockup-mano.webp\" class=\"vc_single_image-img attachment-full\" alt=\"\" title=\"Mockup-mano\" srcset=\"https:\/\/copyboom.ro\/wp-content\/uploads\/2022\/11\/Mockup-mano.webp 800w, https:\/\/copyboom.ro\/wp-content\/uploads\/2022\/11\/Mockup-mano-239x300.webp 239w, https:\/\/copyboom.ro\/wp-content\/uploads\/2022\/11\/Mockup-mano-768x965.webp 768w\" sizes=\"(max-width: 800px) 100vw, 800px\"><\/div>\n\t\t<\/figure>\n\t<\/div>\n<\/div><\/div><\/div><div class=\"wpb_column vc_column_container vc_col-sm-6\"><div class=\"vc_column-inner\"><div class=\"wpb_wrapper\"><div class=\"vc_empty_space  display-none\"   style=\"height: 50px\"><span class=\"vc_empty_space_inner\"><\/span><\/div><div class=\"vc_empty_space  display-none\"   style=\"height: 50px\"><span class=\"vc_empty_space_inner\"><\/span><\/div>\n\t<div class=\"wpb_text_column wpb_content_element  wpb_animate_when_almost_visible wpb_bounceInDown bounceInDown big-title blanco\" >\n\t\t<div class=\"wpb_wrapper\">\n\t\t\t<h1>Copister\u00eda Online Sevilla<\/h1>\n\n\t\t<\/div>\n\t<\/div>\n\n\t<div class=\"wpb_text_column wpb_content_element  wpb_animate_when_almost_visible wpb_bounceIn bounceIn\" >\n\t\t<div class=\"wpb_wrapper\">\n\t\t\t<p><a href=\"https:\/\/print.copyboom.es\/\" target=\"_blank\" rel=\"noopener\"><button class=\"btn-morado\">IMPRIME YA<\/button><\/a><\/p>\n<p>Imprime todos tus documentos f\u00e1cilmente y desde cualquier dispositivo en nuestra <strong>copister\u00eda online<\/strong> y te la enviamos a <strong>Sevilla <\/strong>y  pueblos de alrededor.<\/p>\n<p>Carga tus archivos, apuntes, trabajos&#8230; en el formato que des\u00e9es, elige tus opciones, \u00a1y a imprimir! La copister\u00eda online en Sevilla a tu alcance sin salir de casa.<\/p>\n\n\t\t<\/div>\n\t<\/div>\n<\/div><\/div><\/div><\/div><\/section><div class=\"vc_row-full-width vc_clearfix\"><\/div><section data-vc-full-width=\"true\" data-vc-full-width-init=\"false\" data-vc-stretch-content=\"true\" class=\"vc_section\"><div class=\"vc_row wpb_row vc_row-fluid\"><div class=\"wpb_column vc_column_container vc_col-sm-2\"><div class=\"vc_column-inner\"><div class=\"wpb_wrapper\"><\/div><\/div><\/div><div class=\"wpb_column vc_column_container vc_col-sm-8\"><div class=\"vc_column-inner\"><div class=\"wpb_wrapper\">\n\t<div class=\"wpb_text_column wpb_content_element\" >\n\t\t<div class=\"wpb_wrapper\">\n\t\t\t<nav aria-label=\"breadcrumbs\" class=\"rank-math-breadcrumb\"><p><span class=\"last\">Inicio<\/span><\/p><\/nav>\n\n\t\t<\/div>\n\t<\/div>\n<div class=\"vc_empty_space  display-none\"   style=\"height: 50px\"><span class=\"vc_empty_space_inner\"><\/span><\/div>\n\t<div class=\"wpb_text_column wpb_content_element  wpb_animate_when_almost_visible wpb_bounceInRight bounceInRight center morado cifras\" >\n\t\t<div class=\"wpb_wrapper\">\n\t\t\t<h2>La copister\u00eda a domicilio en Sevilla al mejor precio<\/h2>\n\n\t\t<\/div>\n\t<\/div>\n\n\t<div class=\"wpb_text_column wpb_content_element\" >\n\t\t<div class=\"wpb_wrapper\">\n\t\t\t<p>Nuestra misi\u00f3n es que recibas un servicio r\u00e1pido, integral, y que la experiencia se para ti extremadamente sencilla. Nuestra copister\u00eda online Sevilla facilita que, en pocos clics, tengas tus trabajos preparados para imprimir en papel e impresi\u00f3n de alta calidad, recibiendo tu pedido en un tiempo r\u00e9cord.<\/p>\n\n\t\t<\/div>\n\t<\/div>\n<div class=\"vc_row wpb_row vc_inner vc_row-fluid\"><div class=\"wpb_column vc_column_container vc_col-sm-4\"><div class=\"vc_column-inner\"><div class=\"wpb_wrapper\">\n\t<div  class=\"wpb_single_image wpb_content_element vc_align_center  wpb_animate_when_almost_visible wpb_bounceInUp bounceInUp\">\n\t\t\n\t\t<figure class=\"wpb_wrapper vc_figure\">\n\t\t\t<div class=\"vc_single_image-wrapper   vc_box_border_grey\"><img decoding=\"async\" class=\"vc_single_image-img\" src=\"https:\/\/copyboom.ro\/wp-content\/uploads\/2022\/08\/Papel-alto-gramaje-250x250.png\" width=\"250\" height=\"250\" alt=\"papel de alto gramaje\" title=\"Papel-alto-gramaje\" \/><\/div>\n\t\t<\/figure>\n\t<\/div>\n\n\t<div class=\"wpb_text_column wpb_content_element  wpb_animate_when_almost_visible wpb_bounceInDown bounceInDown center morado cifras\" >\n\t\t<div class=\"wpb_wrapper\">\n\t\t\t<h3>Papel Premium<\/h3>\n\n\t\t<\/div>\n\t<\/div>\n<\/div><\/div><\/div><div class=\"wpb_column vc_column_container vc_col-sm-4\"><div class=\"vc_column-inner\"><div class=\"wpb_wrapper\">\n\t<div  class=\"wpb_single_image wpb_content_element vc_align_center  wpb_animate_when_almost_visible wpb_bounceInUp bounceInUp\">\n\t\t\n\t\t<figure class=\"wpb_wrapper vc_figure\">\n\t\t\t<div class=\"vc_single_image-wrapper   vc_box_border_grey\"><img decoding=\"async\" class=\"vc_single_image-img\" src=\"https:\/\/copyboom.ro\/wp-content\/uploads\/2022\/08\/Mejor-precio-250x250.png\" width=\"250\" height=\"250\" alt=\"el precio m\u00e1s lowcost en copister\u00edas\" title=\"Mejor-precio\" \/><\/div>\n\t\t<\/figure>\n\t<\/div>\n\n\t<div class=\"wpb_text_column wpb_content_element  wpb_animate_when_almost_visible wpb_bounceInDown bounceInDown center morado cifras\" >\n\t\t<div class=\"wpb_wrapper\">\n\t\t\t<h3>Impresiones por 1,9 c\u00e9ntimos<\/h3>\n\n\t\t<\/div>\n\t<\/div>\n<\/div><\/div><\/div><div class=\"wpb_column vc_column_container vc_col-sm-4\"><div class=\"vc_column-inner\"><div class=\"wpb_wrapper\">\n\t<div  class=\"wpb_single_image wpb_content_element vc_align_center  wpb_animate_when_almost_visible wpb_bounceInUp bounceInUp\">\n\t\t\n\t\t<figure class=\"wpb_wrapper vc_figure\">\n\t\t\t<div class=\"vc_single_image-wrapper   vc_box_border_grey\"><img loading=\"lazy\" decoding=\"async\" class=\"vc_single_image-img\" src=\"https:\/\/copyboom.ro\/wp-content\/uploads\/2022\/11\/Iconos-camion-250x250.png\" width=\"250\" height=\"250\" alt=\"Enviar copias baratas\" title=\"Env\u00edo\" \/><\/div>\n\t\t<\/figure>\n\t<\/div>\n\n\t<div class=\"wpb_text_column wpb_content_element  wpb_animate_when_almost_visible wpb_bounceInDown bounceInDown center morado cifras\" >\n\t\t<div class=\"wpb_wrapper\">\n\t\t\t<h3>Env\u00edo gratuito a toda Espa\u00f1a<\/h3>\n\n\t\t<\/div>\n\t<\/div>\n<\/div><\/div><\/div><\/div><div class=\"vc_empty_space  display-none\"   style=\"height: 50px\"><span class=\"vc_empty_space_inner\"><\/span><\/div><\/div><\/div><\/div><div class=\"wpb_column vc_column_container vc_col-sm-2\"><div class=\"vc_column-inner\"><div class=\"wpb_wrapper\"><\/div><\/div><\/div><\/div><\/section><div class=\"vc_row-full-width vc_clearfix\"><\/div><section data-vc-full-width=\"true\" data-vc-full-width-init=\"false\" data-vc-stretch-content=\"true\" class=\"vc_section vc_custom_1657715387462 vc_section-has-fill\"><div class=\"vc_row wpb_row vc_row-fluid\"><div class=\"wpb_column vc_column_container vc_col-sm-12\"><div class=\"vc_column-inner\"><div class=\"wpb_wrapper\"><div class=\"vc_empty_space  display-none\"   style=\"height: 50px\"><span class=\"vc_empty_space_inner\"><\/span><\/div><div class=\"vc_empty_space  display-none\"   style=\"height: 50px\"><span class=\"vc_empty_space_inner\"><\/span><\/div><\/div><\/div><\/div><\/div><div class=\"vc_row wpb_row vc_row-fluid wpb_animate_when_almost_visible wpb_fadeIn fadeIn\"><div class=\"wpb_column vc_column_container vc_col-sm-3\"><div class=\"vc_column-inner\"><div class=\"wpb_wrapper\"><\/div><\/div><\/div><div class=\"morado-b wpb_column vc_column_container vc_col-sm-6\"><div class=\"vc_column-inner\"><div class=\"wpb_wrapper\">\n\t<div class=\"wpb_text_column wpb_content_element  wpb_animate_when_almost_visible wpb_flipInX flipInX vc_custom_1661423404628 center verde cifras\" >\n\t\t<div class=\"wpb_wrapper\">\n\t\t\t<h2>Copyboom somos la copister\u00eda online de Sevilla que impresiona<\/h2>\n\n\t\t<\/div>\n\t<\/div>\n<\/div><\/div><\/div><div class=\"wpb_column vc_column_container vc_col-sm-3\"><div class=\"vc_column-inner\"><div class=\"wpb_wrapper\"><\/div><\/div><\/div><\/div><div class=\"vc_row wpb_row vc_row-fluid\"><div class=\"wpb_column vc_column_container vc_col-sm-12\"><div class=\"vc_column-inner\"><div class=\"wpb_wrapper\"><div class=\"vc_empty_space  display-none\"   style=\"height: 50px\"><span class=\"vc_empty_space_inner\"><\/span><\/div><div class=\"vc_empty_space  display-none\"   style=\"height: 50px\"><span class=\"vc_empty_space_inner\"><\/span><\/div><\/div><\/div><\/div><\/div><\/section><div class=\"vc_row-full-width vc_clearfix\"><\/div><section data-vc-full-width=\"true\" data-vc-full-width-init=\"false\" class=\"vc_section\"><div class=\"vc_row wpb_row vc_row-fluid\"><div class=\"wpb_column vc_column_container vc_col-sm-12\"><div class=\"vc_column-inner\"><div class=\"wpb_wrapper\"><div class=\"vc_empty_space  display-none\"   style=\"height: 50px\"><span class=\"vc_empty_space_inner\"><\/span><\/div>\n\t<div class=\"wpb_text_column wpb_content_element  wpb_animate_when_almost_visible wpb_bounceInDown bounceInDown center morado cifras\" >\n\t\t<div class=\"wpb_wrapper\">\n\t\t\t<h2>IMPRIME SOLO LO QUE NECESITES<\/h2>\n\n\t\t<\/div>\n\t<\/div>\n\n\t<div class=\"wpb_text_column wpb_content_element\" >\n\t\t<div class=\"wpb_wrapper\">\n\t\t\t<p>No imprimas m\u00e1s cosas de las que necesitas, \u00a1puedes imprimir solo las copias que queras, aunque solo quieras hacer una copia.<\/p>\n\n\t\t<\/div>\n\t<\/div>\n<\/div><\/div><\/div><\/div><\/section><div class=\"vc_row-full-width vc_clearfix\"><\/div><div data-vc-full-width=\"true\" data-vc-full-width-init=\"false\" data-vc-stretch-content=\"true\" class=\"vc_row wpb_row vc_row-fluid\"><div class=\"wpb_column vc_column_container vc_col-sm-3\"><div class=\"vc_column-inner\"><div class=\"wpb_wrapper\">\n\t<div  class=\"wpb_single_image wpb_content_element vc_align_center  wpb_animate_when_almost_visible wpb_bounceInUp bounceInUp\">\n\t\t\n\t\t<figure class=\"wpb_wrapper vc_figure\">\n\t\t\t<div class=\"vc_single_image-wrapper   vc_box_border_grey\"><img loading=\"lazy\" decoding=\"async\" class=\"vc_single_image-img\" src=\"https:\/\/copyboom.ro\/wp-content\/uploads\/2022\/08\/Configuracion-online-250x250.png\" width=\"250\" height=\"250\" alt=\"impresiones online\" title=\"Configuraci\u00f3n-online\" \/><\/div>\n\t\t<\/figure>\n\t<\/div>\n\n\t<div class=\"wpb_text_column wpb_content_element  wpb_animate_when_almost_visible wpb_bounceInRight bounceInRight center morado bold\" >\n\t\t<div class=\"wpb_wrapper\">\n\t\t\t<div id=\"cajas-verdes-dos\">\n<h3>F\u00e1cil configuraci\u00f3n y completamente on line<\/h3>\n<\/div>\n\n\t\t<\/div>\n\t<\/div>\n\n\t<div class=\"wpb_text_column wpb_content_element  wpb_animate_when_almost_visible wpb_bounceIn bounceIn\" >\n\t\t<div class=\"wpb_wrapper\">\n\t\t\t<p>Nuestra plataforma es sencilla, intuitiva, \u00e1gil y segura de usar. Est\u00e1 pensada para que puedas hacer de forma eficiente todo lo que una copister\u00eda de Sevilla ofrece, pero de forma on line.<\/p>\n\n\t\t<\/div>\n\t<\/div>\n<\/div><\/div><\/div><div class=\"wpb_column vc_column_container vc_col-sm-3\"><div class=\"vc_column-inner\"><div class=\"wpb_wrapper\">\n\t<div  class=\"wpb_single_image wpb_content_element vc_align_center  wpb_animate_when_almost_visible wpb_bounceInUp bounceInUp\">\n\t\t\n\t\t<figure class=\"wpb_wrapper vc_figure\">\n\t\t\t<div class=\"vc_single_image-wrapper   vc_box_border_grey\"><img loading=\"lazy\" decoding=\"async\" class=\"vc_single_image-img\" src=\"https:\/\/copyboom.ro\/wp-content\/uploads\/2022\/08\/Plataforma-online-250x250.png\" width=\"250\" height=\"250\" alt=\"herramienta multidispositivo copister\u00edas\" title=\"Plataforma-online\" \/><\/div>\n\t\t<\/figure>\n\t<\/div>\n\n\t<div class=\"wpb_text_column wpb_content_element  wpb_animate_when_almost_visible wpb_bounceInRight bounceInRight center morado bold\" >\n\t\t<div class=\"wpb_wrapper\">\n\t\t\t<div id=\"cajas-verdes-dos\">\n<h3>Plataforma multidispositivo<\/h3>\n<\/div>\n\n\t\t<\/div>\n\t<\/div>\n\n\t<div class=\"wpb_text_column wpb_content_element  wpb_animate_when_almost_visible wpb_bounceIn bounceIn\" >\n\t\t<div class=\"wpb_wrapper\">\n\t\t\t<p>No hace falta que configures tu pedido desde un pc. Nuestra plataforma es capaz de configurar tus pedidos desde un tel\u00e9fono android, un Iphone o una tablet.<\/p>\n\n\t\t<\/div>\n\t<\/div>\n<\/div><\/div><\/div><div class=\"wpb_column vc_column_container vc_col-sm-3\"><div class=\"vc_column-inner\"><div class=\"wpb_wrapper\">\n\t<div  class=\"wpb_single_image wpb_content_element vc_align_center  wpb_animate_when_almost_visible wpb_bounceInUp bounceInUp\">\n\t\t\n\t\t<figure class=\"wpb_wrapper vc_figure\">\n\t\t\t<div class=\"vc_single_image-wrapper   vc_box_border_grey\"><img loading=\"lazy\" decoding=\"async\" class=\"vc_single_image-img\" src=\"https:\/\/copyboom.ro\/wp-content\/uploads\/2022\/08\/Color-y-bn-250x250.png\" width=\"250\" height=\"250\" alt=\"fotocopias a color y blanco y negro\" title=\"Color y blanco y negro\" \/><\/div>\n\t\t<\/figure>\n\t<\/div>\n\n\t<div class=\"wpb_text_column wpb_content_element  wpb_animate_when_almost_visible wpb_bounceInRight bounceInRight center morado bold\" >\n\t\t<div class=\"wpb_wrapper\">\n\t\t\t<div id=\"cajas-verdes-dos\">\n<h3>Copias online en blanco y negro y en color<\/h3>\n<\/div>\n\n\t\t<\/div>\n\t<\/div>\n\n\t<div class=\"wpb_text_column wpb_content_element  wpb_animate_when_almost_visible wpb_bounceIn bounceIn\" >\n\t\t<div class=\"wpb_wrapper\">\n\t\t\t<p>No podr\u00edamos llamarnos copister\u00eda online si no ofreci\u00e9ramos la posibilidad de hacer copias en color y en blanco y negro, a precios muy bajos y recibi\u00e9ndola directamente en tu domicilio de Sevilla.<\/p>\n\n\t\t<\/div>\n\t<\/div>\n<\/div><\/div><\/div><div class=\"wpb_column vc_column_container vc_col-sm-3\"><div class=\"vc_column-inner\"><div class=\"wpb_wrapper\">\n\t<div  class=\"wpb_single_image wpb_content_element vc_align_center  wpb_animate_when_almost_visible wpb_bounceInUp bounceInUp\">\n\t\t\n\t\t<figure class=\"wpb_wrapper vc_figure\">\n\t\t\t<div class=\"vc_single_image-wrapper   vc_box_border_grey\"><img loading=\"lazy\" decoding=\"async\" class=\"vc_single_image-img\" src=\"https:\/\/copyboom.ro\/wp-content\/uploads\/2022\/08\/Varios-formatos-250x250.png\" width=\"250\" height=\"250\" alt=\"archivos en varios formatos\" title=\"Varios-formatos\" \/><\/div>\n\t\t<\/figure>\n\t<\/div>\n\n\t<div class=\"wpb_text_column wpb_content_element  wpb_animate_when_almost_visible wpb_bounceInRight bounceInRight center morado bold\" >\n\t\t<div class=\"wpb_wrapper\">\n\t\t\t<div id=\"cajas-verdes-dos\">\n<h3>Subida de archivos en diversos formatos<\/h3>\n<\/div>\n\n\t\t<\/div>\n\t<\/div>\n\n\t<div class=\"wpb_text_column wpb_content_element  wpb_animate_when_almost_visible wpb_bounceIn bounceIn\" >\n\t\t<div class=\"wpb_wrapper\">\n\t\t\t<p>No es necesario que subas un pdf. nnuestro software es capaz de convertir cualquier documento al formato que necesitamos para llevar a cabo las copias.<\/p>\n\n\t\t<\/div>\n\t<\/div>\n<\/div><\/div><\/div><\/div><div class=\"vc_row-full-width vc_clearfix\"><\/div><section data-vc-full-width=\"true\" data-vc-full-width-init=\"false\" data-vc-stretch-content=\"true\" class=\"vc_section vc_custom_1657715387462 vc_section-has-fill\"><div class=\"vc_row wpb_row vc_row-fluid\"><div class=\"wpb_column vc_column_container vc_col-sm-12\"><div class=\"vc_column-inner\"><div class=\"wpb_wrapper\"><div class=\"vc_empty_space  display-none\"   style=\"height: 50px\"><span class=\"vc_empty_space_inner\"><\/span><\/div><div class=\"vc_empty_space  display-none\"   style=\"height: 50px\"><span class=\"vc_empty_space_inner\"><\/span><\/div><\/div><\/div><\/div><\/div><div class=\"vc_row wpb_row vc_row-fluid wpb_animate_when_almost_visible wpb_fadeIn fadeIn\"><div class=\"wpb_column vc_column_container vc_col-sm-3\"><div class=\"vc_column-inner\"><div class=\"wpb_wrapper\"><\/div><\/div><\/div><div class=\"morado-b wpb_column vc_column_container vc_col-sm-6\"><div class=\"vc_column-inner\"><div class=\"wpb_wrapper\">\n\t<div class=\"wpb_text_column wpb_content_element  wpb_animate_when_almost_visible wpb_flipInX flipInX vc_custom_1661424032963 center verde cifras\" >\n\t\t<div class=\"wpb_wrapper\">\n\t\t\t<h2>No busques m\u00e1s, somos tu copister\u00eda en Sevilla<\/h2>\n\n\t\t<\/div>\n\t<\/div>\n<\/div><\/div><\/div><div class=\"wpb_column vc_column_container vc_col-sm-3\"><div class=\"vc_column-inner\"><div class=\"wpb_wrapper\"><\/div><\/div><\/div><\/div><div class=\"vc_row wpb_row vc_row-fluid\"><div class=\"wpb_column vc_column_container vc_col-sm-12\"><div class=\"vc_column-inner\"><div class=\"wpb_wrapper\"><div class=\"vc_empty_space  display-none\"   style=\"height: 50px\"><span class=\"vc_empty_space_inner\"><\/span><\/div>\n\t<div class=\"wpb_text_column wpb_content_element  wpb_animate_when_almost_visible wpb_bounceIn bounceIn\" >\n\t\t<div class=\"wpb_wrapper\">\n\t\t\t<p style=\"text-align: center;\"><a href=\"https:\/\/print.copyboom.es\/\" target=\"_blank\" rel=\"noopener\"><button class=\"btn-morado\">IMPRIME YA<\/button><\/a><\/p>\n\n\t\t<\/div>\n\t<\/div>\n<div class=\"vc_empty_space  display-none\"   style=\"height: 50px\"><span class=\"vc_empty_space_inner\"><\/span><\/div><\/div><\/div><\/div><\/div><\/section><div class=\"vc_row-full-width vc_clearfix\"><\/div><div class=\"vc_row wpb_row vc_row-fluid\"><div class=\"wpb_column vc_column_container vc_col-sm-12\"><div class=\"vc_column-inner\"><div class=\"wpb_wrapper\"><div class=\"vc_empty_space  display-none\"   style=\"height: 50px\"><span class=\"vc_empty_space_inner\"><\/span><\/div><\/div><\/div><\/div><\/div><div class=\"vc_row wpb_row vc_row-fluid\"><div class=\"wpb_column vc_column_container vc_col-sm-6\"><div class=\"vc_column-inner\"><div class=\"wpb_wrapper\">\n\t<div class=\"wpb_text_column wpb_content_element  wpb_animate_when_almost_visible wpb_bounceIn bounceIn\" >\n\t\t<div class=\"wpb_wrapper\">\n\t\t\t<p style=\"text-align: center;\"><a href=\"http:\/\/copyboom.ro\/es\/imprimir-online-envio-gratis\/\"><button class=\"btn-morado\">ENVIOS<\/button><\/a><\/p>\n\n\t\t<\/div>\n\t<\/div>\n<\/div><\/div><\/div><div class=\"wpb_column vc_column_container vc_col-sm-6\"><div class=\"vc_column-inner\"><div class=\"wpb_wrapper\">\n\t<div class=\"wpb_text_column wpb_content_element  wpb_animate_when_almost_visible wpb_bounceIn bounceIn\" >\n\t\t<div class=\"wpb_wrapper\">\n\t\t\t<p style=\"text-align: center;\"><a href=\"http:\/\/copyboom.ro\/es\/fotocopias-baratas\/\"><button class=\"btn-morado\">FOTOCOPIAS BARATAS<\/button><\/a><\/p>\n\n\t\t<\/div>\n\t<\/div>\n<\/div><\/div><\/div><\/div>","protected":false},"excerpt":{"rendered":"Copister\u00eda Online Sevilla IMPRIME YA Imprime todos tus documentos f\u00e1cilmente y desde cualquier dispositivo en nuestra copister\u00eda online y te la enviamos a Sevilla y pueblos de alrededor. Carga tus archivos, apuntes, trabajos... en el formato que des\u00e9es, elige tus opciones, \u00a1y a imprimir! La copister\u00eda online en Sevilla a tu alcance sin salir de [...]","protected":false},"author":1,"featured_media":0,"parent":138,"menu_order":0,"comment_status":"closed","ping_status":"closed","template":"","meta":{"_genesis_hide_title":false,"_genesis_hide_breadcrumbs":false,"_genesis_hide_singular_image":false,"_genesis_hide_footer_widgets":false,"_genesis_custom_body_class":"","_genesis_custom_post_class":"","_genesis_layout":"","footnotes":""},"class_list":{"0":"post-1197","1":"page","2":"type-page","3":"status-publish","5":"entry"},"_links":{"self":[{"href":"https:\/\/copyboom.ro\/es\/wp-json\/wp\/v2\/pages\/1197","targetHints":{"allow":["GET"]}}],"collection":[{"href":"https:\/\/copyboom.ro\/es\/wp-json\/wp\/v2\/pages"}],"about":[{"href":"https:\/\/copyboom.ro\/es\/wp-json\/wp\/v2\/types\/page"}],"author":[{"embeddable":true,"href":"https:\/\/copyboom.ro\/es\/wp-json\/wp\/v2\/users\/1"}],"replies":[{"embeddable":true,"href":"https:\/\/copyboom.ro\/es\/wp-json\/wp\/v2\/comments?post=1197"}],"version-history":[{"count":10,"href":"https:\/\/copyboom.ro\/es\/wp-json\/wp\/v2\/pages\/1197\/revisions"}],"predecessor-version":[{"id":4376,"href":"https:\/\/copyboom.ro\/es\/wp-json\/wp\/v2\/pages\/1197\/revisions\/4376"}],"up":[{"embeddable":true,"href":"https:\/\/copyboom.ro\/es\/wp-json\/wp\/v2\/pages\/138"}],"wp:attachment":[{"href":"https:\/\/copyboom.ro\/es\/wp-json\/wp\/v2\/media?parent=1197"}],"curies":[{"name":"wp","href":"https:\/\/api.w.org\/{rel}","templated":true}]}}