{"id":92,"date":"2022-07-15T08:09:12","date_gmt":"2022-07-15T08:09:12","guid":{"rendered":"http:\/\/copyboom.ro\/?page_id=92"},"modified":"2023-09-13T17:30:29","modified_gmt":"2023-09-13T14:30:29","slug":"aviz-juridic","status":"publish","type":"page","link":"http:\/\/copyboom.ro\/es\/aviz-juridic\/","title":{"rendered":"Aviso legal"},"content":{"rendered":"<nav aria-label=\"breadcrumbs\" class=\"rank-math-breadcrumb\"><p><span class=\"last\">Inicio<\/span><\/p><\/nav>\n<p><strong>1. OBIECT<\/strong><\/p>\n<p>Acest anun\u021b legal reglementeaz\u0103 utilizarea \u0219i folosirea site-ului www.copyboom.ro (denumit \u00een continuare COPYBOOM).<\/p>\n<p>Navigarea pe site-ul COPYBOOM confer\u0103 condi\u021bia de UTILIZATOR al acestuia \u0219i implic\u0103 acceptarea integral\u0103 \u0219i f\u0103r\u0103 rezerve a tuturor \u0219i fiec\u0103reia dintre condi\u021biile publicate \u00een acest anun\u021b legal, cu avertismentul c\u0103 aceste condi\u021bii pot fi modificate f\u0103r\u0103 notificare prealabil\u0103 de c\u0103tre COPYBOOM, caz \u00een care vor fi publicate \u0219i notificate cu c\u00e2t mai mult timp \u00eenainte.<\/p>\n<p>Prin urmare, este recomandabil s\u0103 citi\u021bi cu aten\u021bie con\u021binutul acestuia dac\u0103 dori\u021bi s\u0103 accesa\u021bi \u0219i s\u0103 utiliza\u021bi informa\u021biile \u0219i serviciile oferite pe acest site.<\/p>\n<p>De asemenea, utilizatorul se oblig\u0103 s\u0103 foloseasc\u0103 \u00een mod corespunz\u0103tor site-ul web, \u00een conformitate cu legea, buna credin\u021b\u0103, ordinea public\u0103, utiliz\u0103rile \u00een trafic \u0219i prezentul Aviz Legal, r\u0103spunz\u00e2nd fa\u021b\u0103 de <span class=\"marca\">COPYBOOM<\/span> fa\u021b\u0103 de ter\u021bi pentru orice daune care ar putea fi cauzate ca urmare a \u00eenc\u0103lc\u0103rii acestei obliga\u021bii.<\/p>\n<p>Orice alt\u0103 utilizare dec\u00e2t cea autorizat\u0103 este interzis\u0103 \u00een mod expres \u0219i poate fi interzis\u0103 si poate rezulta in a retrage accesul \u0219i utilizarea \u00een orice moment.<\/p>\n<p>&nbsp;<\/p>\n<p><strong>2. IDENTIFICARE<\/strong><\/p>\n<p><span class=\"marca\">COPYBOOM<\/span>, \u00een conformitate cu Legea 34\/2002, din 11 iulie, privind serviciile societ\u0103\u021bii informa\u021bionale \u0219i comer\u021bul electronic, v\u0103 informeaz\u0103 c\u0103:<\/p>\n<ul type=\"disc\">\n<li>Numele societ\u0103\u021bii este : <span class=\"marca\">CENTRU DE PRINTARE LOWCOST S.R.L. <\/span><\/li>\n<li>Denumirea sa comercial\u0103 este: COPYBOOM<\/li>\n<li>Num\u0103rul CUI este: <span class=\"marca\">47510448<\/span><\/li>\n<li>Domiciliul comercial <span class=\"marca\">Loc. V\u0103lenii de Munte, Ora\u0219 V\u0103lenii de Munte, Bulevardul NICOLAE IORGA, Nr. 60, Bloc B7, Scara A, Etaj 2, Jude\u021b Prahova<\/span>, <span class=\"marca\">Rom\u00e2nia<\/span><\/li>\n<\/ul>\n<p><strong>3. COMUNIC\u0102RI<\/strong><\/p>\n<p>Pentru a ne contacta, v\u0103 punem la dispozi\u021bie diferite mijloace de contact, care sunt detaliate mai jos:<\/p>\n<ul type=\"disc\">\n<li>Telefon: 0723 961 376<\/li>\n<li>Email: <span class=\"marca\">comenzi@copyboom.ro<\/span><\/li>\n<li>Adresa po\u0219tal\u0103:<span class=\"marca\">Loc. V\u0103lenii de Munte, Ora\u0219 V\u0103lenii de Munte, Bulevardul NICOLAE IORGA, Nr. 60, Bloc B7, Scara A, Etaj 2, Jude\u021b Prahova<\/span><\/li>\n<\/ul>\n<p>Toate notific\u0103rile \u0219i comunic\u0103rile \u00eentre utilizatori \u0219i <span class=\"marca\">COPYBOOM<\/span> vor fi considerate efective, \u00een toate scopurile, atunci c\u00e2nd sunt efectuate prin oricare dintre mijloacele men\u021bionate mai sus.<\/p>\n<p><strong>4. CONDI\u021aII DE ACCES \u0218I UTILIZARE<\/strong><\/p>\n<p>Site-ul \u0219i serviciile sale sunt accesibile \u00een mod liber \u0219i gratuit. Cu toate acestea, <span class=\"marca\">COPYBOOM<\/span> poate condi\u021biona utilizarea unora dintre serviciile oferite pe site-ul s\u0103u de completarea prealabil\u0103 a formularului corespunz\u0103tor.<\/p>\n<p>Utilizatorul garanteaz\u0103 autenticitatea \u0219i actualitatea tuturor datelor comunicate c\u0103tre <span class=\"marca\">COPYBOOM<\/span> \u0219i va fi singurul responsabil pentru orice declara\u021bii false sau inexacte f\u0103cute.<\/p>\n<p>Utilizatorul se oblig\u0103 \u00een mod expres s\u0103 utilizeze \u00een mod corespunz\u0103tor con\u021binutul \u0219i serviciile site-ului <span class=\"marca\">COPYBOOM<\/span> \u0219i de a nu le utiliza, printre altele:<\/p>\n<ul type=\"disc\">\n<li>S\u0103 difuzeze con\u021binuturi infrac\u021bionale, violente, pornografice, rasiste, xenofobe, ofensatoare, apologia terorismului sau, \u00een general, con\u021binuturi contrare legii sau ordinii publice.<\/li>\n<li>S\u0103 introduc\u0103 \u00een re\u021bea viru\u0219i informatici sau s\u0103 efectueze ac\u021biuni de natur\u0103 s\u0103 altereze, s\u0103 deterioreze, s\u0103 \u00eentrerup\u0103 sau s\u0103 genereze erori sau daune documentelor electronice, datelor sau sistemelor fizice \u0219i logice ale <span class=\"marca\">COPYBOOM<\/span> sau ale unor ter\u021bi; precum \u0219i s\u0103 \u00eempiedice accesul altor utilizatori la site \u0219i la serviciile acestuia prin consumul masiv de resurse informatice prin care <span class=\"marca\">COPYBOOM<\/span> \u00ee\u0219i furnizeaz\u0103 serviciile.<\/li>\n<li>S\u0103 \u00eencerce s\u0103 acceseze conturile de e-mail ale altor utilizatori sau zonele restric\u021bionate ale sistemelor informatice ale <span class=\"marca\">COPYBOOM<\/span>. Sau ale unor ter\u021be p\u0103r\u021bi \u0219i, dac\u0103 este cazul, s\u0103 extrag\u0103 informa\u021bii.<\/li>\n<li>S\u0103 \u00eencalce drepturile de proprietate intelectual\u0103 sau industrial\u0103, precum \u0219i s\u0103 \u00eencalce confiden\u021bialitatea informa\u021biilor <span class=\"marca\">COPYBOOM<\/span> sau ale unor ter\u021be p\u0103r\u021bi.<\/li>\n<li>Imitarea oric\u0103rui alt utilizator.<\/li>\n<li>Reproducerea, copierea, distribuirea, punerea la dispozi\u021bie sau orice alt\u0103 form\u0103 de comunicare public\u0103, transformarea sau modificarea con\u021binutului, cu excep\u021bia cazului \u00een care este autorizat de c\u0103tre titularul drepturilor corespunz\u0103toare sau dac\u0103 acest lucru este permis \u00een mod legal.<\/li>\n<li>S\u0103 colecteze date \u00een scopuri publicitare \u0219i s\u0103 trimit\u0103 publicitate de orice fel \u0219i comunic\u0103ri \u00een scopuri de v\u00e2nzare sau \u00een alte scopuri comerciale f\u0103r\u0103 cerere sau consim\u021b\u0103m\u00e2nt prealabil.<\/li>\n<\/ul>\n<p>\u00centregul con\u021binut al site-ului, cum ar fi textele, fotografiile, grafica, imaginile, pictogramele, tehnologia, software-ul, precum \u0219i designul grafic \u0219i codurile surs\u0103 ale acestuia, constituie o oper\u0103 a c\u0103rei proprietate apar\u021bine <span class=\"marca\">COPYBOOM<\/span> , iar niciunul dintre drepturile de exploatare asupra acestora, \u00een afara celor strict necesare pentru utilizarea corect\u0103 a site-ului, nu poate fi \u00een\u021beles ca fiind transferat utilizatorului.<\/p>\n<p>Pe scurt, utilizatorii care acceseaz\u0103 acest site pot vizualiza con\u021binutul \u0219i pot face, dac\u0103 este cazul, copii private autorizate, cu condi\u021bia ca elementele reproduse s\u0103 nu fie transferate ulterior c\u0103tre ter\u021bi, s\u0103 nu fie instalate pe servere conectate la re\u021bele \u0219i s\u0103 nu fac\u0103 obiectul niciunui tip de exploatare.<\/p>\n<p>De asemenea, toate m\u0103rcile, denumirile comerciale sau logo-urile de orice fel care apar pe site sunt proprietatea <span class=\"marca\">COPYBOOM<\/span>, \u0219i nu se poate interpreta c\u0103 utilizarea sau accesul la site confer\u0103 utilizatorului vreun drept asupra acestora.<\/p>\n<p>Sunt interzise distribuirea, modificarea, transferul sau comunicarea public\u0103 a con\u021binutului \u0219i orice alt act care nu a fost autorizat \u00een mod expres de c\u0103tre titularul drepturilor de exploatare.<\/p>\n<p>Stabilirea unui hyperlink nu implic\u0103 \u00een niciun caz existen\u021ba unei rela\u021bii \u00eentre <span class=\"marca\">COPYBOOM<\/span> \u0219i proprietarul site-ului web pe care este stabilit, nici acceptarea \u0219i aprobarea de c\u0103tre <span class=\"marca\">COPYBOOM<\/span> a con\u021binutului sau serviciilor acestuia.<\/p>\n<p class=\"revisar\">Site-ul \u0219i serviciile sale sunt accesibile \u00een mod liber \u0219i gratuit. Cu toate acestea, <span class=\"marca\">COPYBOOM<\/span> poate condi\u021biona utilizarea unora dintre serviciile oferite pe site-ul s\u0103u de completarea prealabil\u0103 a formularului corespunz\u0103tor.<\/p>\n<p><span class=\"marca\">COPYBOOM<\/span> nu este responsabil\u0103 pentru utilizarea pe care fiecare utilizator o face din materialele puse la dispozi\u021bie pe acest site \u0219i nici pentru ac\u021biunile efectuate pe baza acestora.<\/p>\n<p><strong>4.1 EXCLUDEREA GARAN\u021aIILOR \u0218I A R\u0102SPUNDERII PENTRU ACCES \u0218I UTILIZARE<\/strong><\/p>\n<p>Con\u021binutul prezentului site web este de caracter general \u0219i are o finalitate informativ\u0103, nu se garanteaz\u0103 complet accesul tuturor con\u021binuturilor, nu este exhaustivitatea, corectarea, vigen\u021ba sau actualitatea, nu este suficient\u0103 sau utilitate pentru un obiectiv specific.<br \/>\n<span class=\"marca\">COPYBOOM<\/span> exclude, p\u00e2n\u0103 unde permite ordonarea juridic\u0103, orice responsabilitate pentru daune \u0219i prejudicii din toat\u0103 natura derivate de:<\/p>\n<ul type=\"disc\">\n<li>Imposibilitatea de acces al site-ului web sau la lipsa de veracitate, acurate\u021bea, integralitatea \u0219i\/sau actualitatea con\u021binutului, a\u0219a ca la existen\u021ba viciilor \u0219i a erorilor din toat\u0103 clasa de con\u021binut transmis, difuzat, stocate, pus la dispozi\u021bie , celor care au accesat prin site-ul web sau serviciilor care se ofer\u0103.<\/li>\n<li>Prezen\u021ba virusului sau a altor elemente \u00een con\u021binutul care poate produce modific\u0103ri \u00een sistemele informatice, documente electronice sau date utilizatorilor.<\/li>\n<li>Nerespectarea legilor, a bunei credin\u021be, a ordinii publice, a utiliz\u0103rilor traficului \u0219i a prezentului anun\u021b legal ca \u0219i cauz\u0103 a utiliz\u0103rii incorecte a site-ului web. \u00cen special, \u0219i cu titlu de exemplu, COPYBOOM. nu se face responsabil de las ac\u021biuni ale unor ter\u021bi care \u00eencalc\u0103 drepturile de proprietate intelectual\u0103 e industrial\u0103, secrete de business, drepturi la onoare, a la intimitate personal\u0103 \u0219i familiar\u0103 \u0219i a propriei imagini, a\u0219a cum este normativa \u00een materia de competen\u021b\u0103 nedreapt\u0103 \u0219i publicitate ilegal\u0103.&lt; \/li&gt;<\/li>\n<\/ul>\n<p>Animism, <span class=\"marca\">COPYBOOM<\/span> declina orice responsabilitate cu privire la informa\u021biile despre care se afl\u0103 \u00een afara acestui web \u0219i nu se gestioneaz\u0103 direct de c\u0103tre web masterul nostru. Func\u021bia link-urilor care apare pe acest web este exclusiv informarea utilizatorului asupra existen\u021bei altor surse susceptibile de a extinde con\u021binutul pe care \u00eel ofer\u0103 acest site web <span class=\"marca\">COPYBOOM<\/span> nu v\u0103 garanteaz\u0103. Responsabilitatea de func\u021bionare o accesibilitate a site-urilor \u00eenl\u0103turate;\u0219i nici nu sugereaz\u0103, invita SAU\u00a0 recomanda la a vizita, astfel \u00eenc\u00e2t nici nu va fi responsabil pentru rezultatul ob\u021binut. <span class=\"marca\">COPYBOOM<\/span> nu se responsabilizeaz\u0103 de hyperlink-urile altor ter\u021bi.<\/p>\n<p><strong>4.2 PROCEDURA \u00ceN CAZ DE ACTIVIT\u0102\u021aI ILICITE<\/strong><br \/>\n\u00cen cazul \u00een care orice utilizator sau un ter\u021b considere c\u0103 exist\u0103 fapte sau circumstan\u021be care dezv\u0103luie caracterul ilicit al utiliz\u0103rii oric\u0103rui con\u021binut \u0219i\/o al realiz\u0103rii oric\u0103rei activit\u0103\u021bi \u00een paginile web incluse sau accesibile prin intermediul site-ului web, trebuie s\u0103 trimit\u0103 o notificare la <span class=\"marca\">COPYBOOM<\/span> identific\u00e2ndu-se \u00een mod obligatoriu \u0219i specific\u00e2nd supunerea infrac\u021biunilor.<\/p>\n<p><strong>4.3 PUBLICA\u021aII<\/strong><br \/>\nInforma\u021biile administrative facilitate prin site-ul web nu \u00eenlocuiesc publicitatea legal\u0103 a legilor, normativelor, avioanelor, dispozi\u021biilor generale \u0219i actelor care trebuie s\u0103 fie publicate formal \u00een jurnalele oficiale ale administra\u021biilor publice, care constituie un singur instrument care da su autenticitate \u0219i con\u021binut. Informa\u021bia disponibil\u0103 pe acest site web trebuie s\u0103 se \u00een\u021beleag\u0103 ca o ghidare f\u0103r\u0103 scop de validare legal\u0103.<\/p>\n<p><strong>5. LEGEA APLICABIL\u0102<\/strong><\/p>\n<p>Ace\u0219ti termeni \u0219i condi\u021bii vor fi guvernate de legea <span class=\"marca\">romana<\/span> \u00een vigoare.<br \/>\nLimba folosit\u0103 este <span class=\"marca\">romana<\/span><\/p>","protected":false},"excerpt":{"rendered":"<p>1. OBIECT Acest anun\u021b legal reglementeaz\u0103 utilizarea \u0219i folosirea site-ului www.copyboom.ro (denumit \u00een continuare COPYBOOM). Navigarea pe site-ul COPYBOOM confer\u0103 condi\u021bia de UTILIZATOR al acestuia \u0219i implic\u0103 acceptarea integral\u0103 \u0219i f\u0103r\u0103 rezerve a tuturor \u0219i fiec\u0103reia dintre condi\u021biile publicate \u00een acest anun\u021b legal, cu avertismentul c\u0103 aceste condi\u021bii pot fi modificate f\u0103r\u0103 notificare prealabil\u0103 de [&hellip;]<\/p>","protected":false},"author":1,"featured_media":0,"parent":0,"menu_order":0,"comment_status":"closed","ping_status":"closed","template":"","meta":{"_genesis_hide_title":false,"_genesis_hide_breadcrumbs":false,"_genesis_hide_singular_image":false,"_genesis_hide_footer_widgets":false,"_genesis_custom_body_class":"","_genesis_custom_post_class":"","_genesis_layout":"","footnotes":""},"class_list":{"0":"post-92","1":"page","2":"type-page","3":"status-publish","5":"entry"},"_links":{"self":[{"href":"http:\/\/copyboom.ro\/es\/wp-json\/wp\/v2\/pages\/92","targetHints":{"allow":["GET"]}}],"collection":[{"href":"http:\/\/copyboom.ro\/es\/wp-json\/wp\/v2\/pages"}],"about":[{"href":"http:\/\/copyboom.ro\/es\/wp-json\/wp\/v2\/types\/page"}],"author":[{"embeddable":true,"href":"http:\/\/copyboom.ro\/es\/wp-json\/wp\/v2\/users\/1"}],"replies":[{"embeddable":true,"href":"http:\/\/copyboom.ro\/es\/wp-json\/wp\/v2\/comments?post=92"}],"version-history":[{"count":13,"href":"http:\/\/copyboom.ro\/es\/wp-json\/wp\/v2\/pages\/92\/revisions"}],"predecessor-version":[{"id":4455,"href":"http:\/\/copyboom.ro\/es\/wp-json\/wp\/v2\/pages\/92\/revisions\/4455"}],"wp:attachment":[{"href":"http:\/\/copyboom.ro\/es\/wp-json\/wp\/v2\/media?parent=92"}],"curies":[{"name":"wp","href":"https:\/\/api.w.org\/{rel}","templated":true}]}}