{"id":1542,"date":"2022-12-01T15:01:15","date_gmt":"2022-08-25T12:36:03","guid":{"rendered":"http:\/\/copyboom.ro\/fotocopias-baratas\/vicalvaro\/"},"modified":"2022-12-01T15:01:15","modified_gmt":"2022-12-01T15:01:15","slug":"vicalvaro","status":"publish","type":"page","link":"http:\/\/copyboom.ro\/es\/fotocopii-ieftine\/vicalvaro\/","title":{"rendered":"Fotocopias Baratas Vic\u00e1lvaro"},"content":{"rendered":"<section data-vc-full-width=\"true\" data-vc-full-width-init=\"false\" data-vc-stretch-content=\"true\" class=\"vc_section rosa-b vc_custom_1657714284112 vc_section-has-fill\"><div class=\"vc_row wpb_row vc_row-fluid vc_custom_1657714257111\"><div class=\"wpb_animate_when_almost_visible wpb_bounceInLeft bounceInLeft wpb_column vc_column_container vc_col-sm-6\"><div class=\"vc_column-inner\"><div class=\"wpb_wrapper\">\n\t<div  class=\"wpb_single_image wpb_content_element vc_align_center  vc_custom_1669637991720\">\n\t\t\n\t\t<figure class=\"wpb_wrapper vc_figure\">\n\t\t\t<div class=\"vc_single_image-wrapper   vc_box_border_grey\"><img fetchpriority=\"high\" decoding=\"async\" width=\"800\" height=\"1005\" src=\"http:\/\/copyboom.ro\/wp-content\/uploads\/2022\/11\/Mockup-mano.webp\" class=\"vc_single_image-img attachment-full\" alt=\"\" title=\"Mockup-mano\" srcset=\"http:\/\/copyboom.ro\/wp-content\/uploads\/2022\/11\/Mockup-mano.webp 800w, http:\/\/copyboom.ro\/wp-content\/uploads\/2022\/11\/Mockup-mano-239x300.webp 239w, http:\/\/copyboom.ro\/wp-content\/uploads\/2022\/11\/Mockup-mano-768x965.webp 768w\" sizes=\"(max-width: 800px) 100vw, 800px\"><\/div>\n\t\t<\/figure>\n\t<\/div>\n<\/div><\/div><\/div><div class=\"wpb_column vc_column_container vc_col-sm-6\"><div class=\"vc_column-inner\"><div class=\"wpb_wrapper\"><div class=\"vc_empty_space  display-none\"   style=\"height: 50px\"><span class=\"vc_empty_space_inner\"><\/span><\/div><div class=\"vc_empty_space  display-none\"   style=\"height: 50px\"><span class=\"vc_empty_space_inner\"><\/span><\/div>\n\t<div class=\"wpb_text_column wpb_content_element  wpb_animate_when_almost_visible wpb_bounceInDown bounceInDown big-title blanco\" >\n\t\t<div class=\"wpb_wrapper\">\n\t\t\t<h1>Fotocopias Baratas Vic\u00e1lvaro<\/h1>\n\n\t\t<\/div>\n\t<\/div>\n\n\t<div class=\"wpb_text_column wpb_content_element  wpb_animate_when_almost_visible wpb_bounceIn bounceIn\" >\n\t\t<div class=\"wpb_wrapper\">\n\t\t\t<p><a href=\"https:\/\/print.copyboom.es\/\" target=\"_blank\" rel=\"noopener\"><button class=\"btn-morado\">HACER FOTOCOPIAS<\/button><\/a><\/p>\n<p>Ahorra dinero haciendo tus fotocopias baratas sin renunciar a a un buen servicio de env\u00edo a domicilio ni a la calidad. \u00a1No busques m\u00e1s! Con nuestra herramienta lo tienes muy f\u00e1cil.<\/p>\n\n\t\t<\/div>\n\t<\/div>\n<\/div><\/div><\/div><\/div><\/section><div class=\"vc_row-full-width vc_clearfix\"><\/div><section data-vc-full-width=\"true\" data-vc-full-width-init=\"false\" data-vc-stretch-content=\"true\" class=\"vc_section\"><div class=\"vc_row wpb_row vc_row-fluid\"><div class=\"wpb_column vc_column_container vc_col-sm-2\"><div class=\"vc_column-inner\"><div class=\"wpb_wrapper\"><\/div><\/div><\/div><div class=\"wpb_column vc_column_container vc_col-sm-8\"><div class=\"vc_column-inner\"><div class=\"wpb_wrapper\">\n\t<div class=\"wpb_text_column wpb_content_element\" >\n\t\t<div class=\"wpb_wrapper\">\n\t\t\t<nav aria-label=\"breadcrumbs\" class=\"rank-math-breadcrumb\"><p><span class=\"last\">Inicio<\/span><\/p><\/nav>\n\n\t\t<\/div>\n\t<\/div>\n<div class=\"vc_empty_space  display-none\"   style=\"height: 50px\"><span class=\"vc_empty_space_inner\"><\/span><\/div>\n\t<div class=\"wpb_text_column wpb_content_element  wpb_animate_when_almost_visible wpb_bounceInRight bounceInRight center morado cifras\" >\n\t\t<div class=\"wpb_wrapper\">\n\t\t\t<h2>Las Fotocopias m\u00e1s Baratas de Vic\u00e1lvaro con servicio premium<\/h2>\n\n\t\t<\/div>\n\t<\/div>\n\n\t<div class=\"wpb_text_column wpb_content_element\" >\n\t\t<div class=\"wpb_wrapper\">\n\t\t\t<p>\u00a1Bienvenido a Copyboom! El sitio donde obtener tus fotocopias online baratas con env\u00edo a domicilio. Haz tu pedido on line de cualquier tipo de fotocopias y llegar\u00e1n tus copias en Vic\u00e1lvaro en  24h!<\/p>\n<p>Con nuestro servicio de fotocopias Vic\u00e1lvaro todo son ventajas: sin salir de casa, los precios m\u00e1s bajos del mercado, papel y copias de gran calidad y por supuesto la posibilidad de contactar con nosotros para resolver todas tus dudas.<\/p>\n\n\t\t<\/div>\n\t<\/div>\n<div class=\"vc_row wpb_row vc_inner vc_row-fluid\"><div class=\"wpb_column vc_column_container vc_col-sm-4\"><div class=\"vc_column-inner\"><div class=\"wpb_wrapper\">\n\t<div  class=\"wpb_single_image wpb_content_element vc_align_center  wpb_animate_when_almost_visible wpb_bounceInUp bounceInUp\">\n\t\t\n\t\t<figure class=\"wpb_wrapper vc_figure\">\n\t\t\t<div class=\"vc_single_image-wrapper   vc_box_border_grey\"><img decoding=\"async\" class=\"vc_single_image-img\" src=\"http:\/\/copyboom.ro\/wp-content\/uploads\/2022\/08\/Mejor-precio-250x250.png\" width=\"250\" height=\"250\" alt=\"el precio m\u00e1s lowcost en copister\u00edas\" title=\"Mejor-precio\" \/><\/div>\n\t\t<\/figure>\n\t<\/div>\n\n\t<div class=\"wpb_text_column wpb_content_element  wpb_animate_when_almost_visible wpb_bounceInRight bounceInRight center morado bold\" >\n\t\t<div class=\"wpb_wrapper\">\n\t\t\t<div id=\"cajas-verdes-dos\">\n<h3>Precios Inmejorables<\/h3>\n<\/div>\n\n\t\t<\/div>\n\t<\/div>\n<\/div><\/div><\/div><div class=\"wpb_column vc_column_container vc_col-sm-4\"><div class=\"vc_column-inner\"><div class=\"wpb_wrapper\">\n\t<div  class=\"wpb_single_image wpb_content_element vc_align_center  wpb_animate_when_almost_visible wpb_bounceInUp bounceInUp\">\n\t\t\n\t\t<figure class=\"wpb_wrapper vc_figure\">\n\t\t\t<div class=\"vc_single_image-wrapper   vc_box_border_grey\"><img decoding=\"async\" class=\"vc_single_image-img\" src=\"http:\/\/copyboom.ro\/wp-content\/uploads\/2022\/11\/Iconos-camion-250x250.png\" width=\"250\" height=\"250\" alt=\"Enviar copias baratas\" title=\"Env\u00edo\" \/><\/div>\n\t\t<\/figure>\n\t<\/div>\n\n\t<div class=\"wpb_text_column wpb_content_element  wpb_animate_when_almost_visible wpb_bounceInRight bounceInRight center morado bold\" >\n\t\t<div class=\"wpb_wrapper\">\n\t\t\t<div id=\"cajas-verdes-dos\">\n<h3>Env\u00edo a domicilio gratuito en  24\/48 horas<\/h3>\n<\/div>\n\n\t\t<\/div>\n\t<\/div>\n<\/div><\/div><\/div><div class=\"wpb_column vc_column_container vc_col-sm-4\"><div class=\"vc_column-inner\"><div class=\"wpb_wrapper\">\n\t<div  class=\"wpb_single_image wpb_content_element vc_align_center  wpb_animate_when_almost_visible wpb_bounceInUp bounceInUp\">\n\t\t\n\t\t<figure class=\"wpb_wrapper vc_figure\">\n\t\t\t<div class=\"vc_single_image-wrapper   vc_box_border_grey\"><img loading=\"lazy\" decoding=\"async\" class=\"vc_single_image-img\" src=\"http:\/\/copyboom.ro\/wp-content\/uploads\/2022\/07\/copia-color-250x250.png\" width=\"250\" height=\"250\" alt=\"solo 6 centimos copias a color\" title=\"copia-color\" \/><\/div>\n\t\t<\/figure>\n\t<\/div>\n\n\t<div class=\"wpb_text_column wpb_content_element  wpb_animate_when_almost_visible wpb_bounceInRight bounceInRight center morado bold\" >\n\t\t<div class=\"wpb_wrapper\">\n\t\t\t<div id=\"cajas-verdes-dos\">\n<h3>Papel de 80 gramos o m\u00e1s<\/h3>\n<\/div>\n\n\t\t<\/div>\n\t<\/div>\n<\/div><\/div><\/div><\/div><div class=\"vc_empty_space  display-none\"   style=\"height: 50px\"><span class=\"vc_empty_space_inner\"><\/span><\/div><\/div><\/div><\/div><div class=\"wpb_column vc_column_container vc_col-sm-2\"><div class=\"vc_column-inner\"><div class=\"wpb_wrapper\"><\/div><\/div><\/div><\/div><\/section><div class=\"vc_row-full-width vc_clearfix\"><\/div><section data-vc-full-width=\"true\" data-vc-full-width-init=\"false\" data-vc-stretch-content=\"true\" class=\"vc_section vc_custom_1661430445211 vc_section-has-fill\"><div class=\"vc_row wpb_row vc_row-fluid vc_custom_1661428461476 vc_row-has-fill\"><div class=\"wpb_column vc_column_container vc_col-sm-2\"><div class=\"vc_column-inner\"><div class=\"wpb_wrapper\"><\/div><\/div><\/div><div class=\"wpb_column vc_column_container vc_col-sm-4\"><div class=\"vc_column-inner\"><div class=\"wpb_wrapper\">\n\t<div  class=\"wpb_single_image wpb_content_element vc_align_center  vc_custom_1661422261936\">\n\t\t\n\t\t<figure class=\"wpb_wrapper vc_figure\">\n\t\t\t<div class=\"vc_single_image-wrapper   vc_box_border_grey\"><img loading=\"lazy\" decoding=\"async\" width=\"800\" height=\"800\" src=\"http:\/\/copyboom.ro\/wp-content\/uploads\/2022\/08\/Fotocopias-color.png\" class=\"vc_single_image-img attachment-full\" alt=\"fotocopias a color baratas\" title=\"Fotocopias-color\" srcset=\"http:\/\/copyboom.ro\/wp-content\/uploads\/2022\/08\/Fotocopias-color.png 800w, http:\/\/copyboom.ro\/wp-content\/uploads\/2022\/08\/Fotocopias-color-300x300.png 300w, http:\/\/copyboom.ro\/wp-content\/uploads\/2022\/08\/Fotocopias-color-150x150.png 150w, http:\/\/copyboom.ro\/wp-content\/uploads\/2022\/08\/Fotocopias-color-768x768.png 768w, http:\/\/copyboom.ro\/wp-content\/uploads\/2022\/08\/Fotocopias-color-75x75.png 75w, http:\/\/copyboom.ro\/wp-content\/uploads\/2022\/08\/Fotocopias-color-600x600.png 600w\" sizes=\"(max-width: 800px) 100vw, 800px\" \/><\/div>\n\t\t<\/figure>\n\t<\/div>\n<\/div><\/div><\/div><div class=\"wpb_column vc_column_container vc_col-sm-4\"><div class=\"vc_column-inner\"><div class=\"wpb_wrapper\"><div class=\"vc_empty_space  display-none\"   style=\"height: 50px\"><span class=\"vc_empty_space_inner\"><\/span><\/div><div class=\"vc_empty_space  display-none\"   style=\"height: 50px\"><span class=\"vc_empty_space_inner\"><\/span><\/div>\n\t<div class=\"wpb_text_column wpb_content_element  wpb_animate_when_almost_visible wpb_bounceIn bounceIn\" >\n\t\t<div class=\"wpb_wrapper\">\n\t\t\t<p><a href=\"https:\/\/print.copyboom.es\/\" target=\"_blank\" rel=\"noopener\"><button class=\"btn-morado\">HACER FOTOCOPIAS<\/button><\/a><\/p>\n<h3>6,9 c\u00e9ntimos las fotocopias a color<\/h3>\n<p>En Copyboom podemos afirmar que <strong>SI hacemos fotocopias baratas a color<\/strong>. Con 2 colores, con 16 colores o todo el espectro de colores conocido, nunca pasar\u00e1s de <strong>6 c\u00e9ntimos por fotocopia a color<\/strong>.<\/p>\n\n\t\t<\/div>\n\t<\/div>\n<\/div><\/div><\/div><div class=\"wpb_column vc_column_container vc_col-sm-2\"><div class=\"vc_column-inner\"><div class=\"wpb_wrapper\"><\/div><\/div><\/div><\/div><div class=\"vc_row wpb_row vc_row-fluid vc_custom_1661430263960 vc_row-has-fill\"><div class=\"wpb_column vc_column_container vc_col-sm-2\"><div class=\"vc_column-inner\"><div class=\"wpb_wrapper\"><\/div><\/div><\/div><div class=\"wpb_column vc_column_container vc_col-sm-4\"><div class=\"vc_column-inner\"><div class=\"wpb_wrapper\"><div class=\"vc_empty_space  display-none\"   style=\"height: 50px\"><span class=\"vc_empty_space_inner\"><\/span><\/div><div class=\"vc_empty_space  display-none\"   style=\"height: 50px\"><span class=\"vc_empty_space_inner\"><\/span><\/div>\n\t<div class=\"wpb_text_column wpb_content_element  wpb_animate_when_almost_visible wpb_bounceInDown bounceInDown big-title blanco\" >\n\t\t<div class=\"wpb_wrapper\">\n\t\t\t<h2>FOTOCOPIAS BARATAS EN BLANCO Y NEGRO<\/h2>\n\n\t\t<\/div>\n\t<\/div>\n\n\t<div class=\"wpb_text_column wpb_content_element  wpb_animate_when_almost_visible wpb_bounceIn bounceIn\" >\n\t\t<div class=\"wpb_wrapper\">\n\t\t\t<p><a href=\"https:\/\/print.copyboom.es\/\" target=\"_blank\" rel=\"noopener\"><button class=\"btn-morado\">HACER FOTOCOPIAS<\/button><\/a><\/p>\n<h3>0,0019 euros cada fotocopia en blanco y negro<\/h3>\n<p>Si lo que prefieres son fotocopias en Vic\u00e1lvaro en blanco y negro baratas (pero bien baratas) en Copyboom tenemos el mejor precio.<\/p>\n\n\t\t<\/div>\n\t<\/div>\n<\/div><\/div><\/div><div class=\"wpb_column vc_column_container vc_col-sm-4\"><div class=\"vc_column-inner\"><div class=\"wpb_wrapper\">\n\t<div  class=\"wpb_single_image wpb_content_element vc_align_center  vc_custom_1661422272052\">\n\t\t\n\t\t<figure class=\"wpb_wrapper vc_figure\">\n\t\t\t<div class=\"vc_single_image-wrapper   vc_box_border_grey\"><img loading=\"lazy\" decoding=\"async\" width=\"800\" height=\"800\" src=\"http:\/\/copyboom.ro\/wp-content\/uploads\/2022\/08\/Fotocopias-bn.png\" class=\"vc_single_image-img attachment-full\" alt=\"fotocopias baratas blanco y negro\" title=\"Fotocopias blanco y negro\" srcset=\"http:\/\/copyboom.ro\/wp-content\/uploads\/2022\/08\/Fotocopias-bn.png 800w, http:\/\/copyboom.ro\/wp-content\/uploads\/2022\/08\/Fotocopias-bn-300x300.png 300w, http:\/\/copyboom.ro\/wp-content\/uploads\/2022\/08\/Fotocopias-bn-150x150.png 150w, http:\/\/copyboom.ro\/wp-content\/uploads\/2022\/08\/Fotocopias-bn-768x768.png 768w, http:\/\/copyboom.ro\/wp-content\/uploads\/2022\/08\/Fotocopias-bn-75x75.png 75w, http:\/\/copyboom.ro\/wp-content\/uploads\/2022\/08\/Fotocopias-bn-600x600.png 600w\" sizes=\"(max-width: 800px) 100vw, 800px\" \/><\/div>\n\t\t<\/figure>\n\t<\/div>\n<\/div><\/div><\/div><div class=\"wpb_column vc_column_container vc_col-sm-2\"><div class=\"vc_column-inner\"><div class=\"wpb_wrapper\"><\/div><\/div><\/div><\/div><div class=\"vc_row wpb_row vc_row-fluid\"><div class=\"wpb_column vc_column_container vc_col-sm-12\"><div class=\"vc_column-inner\"><div class=\"wpb_wrapper\">\n\t<div class=\"wpb_text_column wpb_content_element  center morado cifras\" >\n\t\t<div class=\"wpb_wrapper\">\n\t\t\t<p style=\"text-align: center;\">El grosor m\u00ednimo de nuestro papel es de 80 gramos.<\/p>\n\n\t\t<\/div>\n\t<\/div>\n\n\t<div class=\"wpb_text_column wpb_content_element\" >\n\t\t<div class=\"wpb_wrapper\">\n\t\t\t<p style=\"text-align: center;\">Este es un papel de copister\u00eda premium, pero si quieres algo m\u00e1s, puedes decantarte por de m\u00e1s grosor (160 gramos) e incluso cartulina (280 gramos) por un importe algo mayor, aunque sin olvidar nuestra filosof\u00eda de proporcionarte fotocopias en Vic\u00e1lvaro baratas.<\/p>\n\n\t\t<\/div>\n\t<\/div>\n<\/div><\/div><\/div><\/div><\/section><div class=\"vc_row-full-width vc_clearfix\"><\/div><section data-vc-full-width=\"true\" data-vc-full-width-init=\"false\" data-vc-stretch-content=\"true\" class=\"vc_section vc_custom_1657715387462 vc_section-has-fill\"><div class=\"vc_row wpb_row vc_row-fluid\"><div class=\"wpb_column vc_column_container vc_col-sm-12\"><div class=\"vc_column-inner\"><div class=\"wpb_wrapper\"><div class=\"vc_empty_space  display-none\"   style=\"height: 50px\"><span class=\"vc_empty_space_inner\"><\/span><\/div><div class=\"vc_empty_space  display-none\"   style=\"height: 50px\"><span class=\"vc_empty_space_inner\"><\/span><\/div><\/div><\/div><\/div><\/div><div class=\"vc_row wpb_row vc_row-fluid wpb_animate_when_almost_visible wpb_fadeIn fadeIn\"><div class=\"wpb_column vc_column_container vc_col-sm-3\"><div class=\"vc_column-inner\"><div class=\"wpb_wrapper\"><\/div><\/div><\/div><div class=\"morado-b wpb_column vc_column_container vc_col-sm-6\"><div class=\"vc_column-inner\"><div class=\"wpb_wrapper\">\n\t<div class=\"wpb_text_column wpb_content_element  wpb_animate_when_almost_visible wpb_flipInX flipInX vc_custom_1661424119583 center verde cifras\" >\n\t\t<div class=\"wpb_wrapper\">\n\t\t\t<h2>\u00bfC\u00f3mo Pedir Fotocopias Baratas Para Vic\u00e1lvaro?<\/h2>\n\n\t\t<\/div>\n\t<\/div>\n<\/div><\/div><\/div><div class=\"wpb_column vc_column_container vc_col-sm-3\"><div class=\"vc_column-inner\"><div class=\"wpb_wrapper\"><\/div><\/div><\/div><\/div><div class=\"vc_row wpb_row vc_row-fluid\"><div class=\"wpb_column vc_column_container vc_col-sm-12\"><div class=\"vc_column-inner\"><div class=\"wpb_wrapper\"><div class=\"vc_empty_space  display-none\"   style=\"height: 50px\"><span class=\"vc_empty_space_inner\"><\/span><\/div><div class=\"vc_empty_space  display-none\"   style=\"height: 50px\"><span class=\"vc_empty_space_inner\"><\/span><\/div><\/div><\/div><\/div><\/div><\/section><div class=\"vc_row-full-width vc_clearfix\"><\/div><div data-vc-full-width=\"true\" data-vc-full-width-init=\"false\" data-vc-stretch-content=\"true\" class=\"vc_row wpb_row vc_row-fluid\"><div class=\"wpb_column vc_column_container vc_col-sm-12\"><div class=\"vc_column-inner\"><div class=\"wpb_wrapper\"><div class=\"vc_empty_space  display-none\"   style=\"height: 50px\"><span class=\"vc_empty_space_inner\"><\/span><\/div><div class=\"vc_row wpb_row vc_inner vc_row-fluid vc_row-o-equal-height vc_row-flex\"><div class=\"wpb_column vc_column_container vc_col-sm-4\"><div class=\"vc_column-inner\"><div class=\"wpb_wrapper\">\n\t<div class=\"wpb_text_column wpb_content_element  vc_custom_1661429899193 morado verde-b\" >\n\t\t<div class=\"wpb_wrapper\">\n\t\t\t<h3 style=\"text-align: center;\"><strong>Elige las Opciones<\/strong><\/h3>\n<p style=\"text-align: center;\">Configura el pedido como necesites: n\u00famero de fotocopias, color, tama\u00f1o de papel, grosor, forma de impresi\u00f3n, impresiones por cara, orientaci\u00f3n \u00a1y mucho m\u00e1s!<\/p>\n\n\t\t<\/div>\n\t<\/div>\n<\/div><\/div><\/div><div class=\"wpb_column vc_column_container vc_col-sm-4\"><div class=\"vc_column-inner\"><div class=\"wpb_wrapper\">\n\t<div class=\"wpb_text_column wpb_content_element  vc_custom_1661429910957 morado verde-b\" >\n\t\t<div class=\"wpb_wrapper\">\n\t\t\t<h3 style=\"text-align: center;\">Velocidad de Carga muy Alta<\/h3>\n<p style=\"text-align: center;\">Empieza casi al instante a hacer tu pedido de fotocopias baratas en Vic\u00e1lvaro. Gracias a nuestro constructor la carga de documentos es muy r\u00e1pida.<\/p>\n\n\t\t<\/div>\n\t<\/div>\n<\/div><\/div><\/div><div class=\"wpb_column vc_column_container vc_col-sm-4\"><div class=\"vc_column-inner\"><div class=\"wpb_wrapper\">\n\t<div class=\"wpb_text_column wpb_content_element  vc_custom_1661430186398 morado verde-b\" >\n\t\t<div class=\"wpb_wrapper\">\n\t\t\t<h3 style=\"text-align: center;\">Haz el Pago de Modo Seguro<\/h3>\n<p style=\"text-align: center;\">Ofrecemos la opci\u00f3n de abono con tarjeta completamente seguro con redsys, y sin cargos extra. Si lo prefieres puedes optar por otras opciones como Bizum, Paygold o transferencia.<\/p>\n\n\t\t<\/div>\n\t<\/div>\n<\/div><\/div><\/div><\/div><\/div><\/div><\/div><\/div><div class=\"vc_row-full-width vc_clearfix\"><\/div><div class=\"vc_row wpb_row vc_row-fluid\"><div class=\"wpb_column vc_column_container vc_col-sm-12\"><div class=\"vc_column-inner\"><div class=\"wpb_wrapper\"><div class=\"vc_empty_space  display-none\"   style=\"height: 50px\"><span class=\"vc_empty_space_inner\"><\/span><\/div>\n\t<div class=\"wpb_text_column wpb_content_element  wpb_animate_when_almost_visible wpb_bounceInDown bounceInDown center morado cifras\" >\n\t\t<div class=\"wpb_wrapper\">\n\t\t\t<h2>ENV\u00cdO A DOMICILIO EN TODA ESPA\u00d1A<\/h2>\n\n\t\t<\/div>\n\t<\/div>\n<\/div><\/div><\/div><\/div><div class=\"vc_row wpb_row vc_row-fluid\"><div class=\"wpb_column vc_column_container vc_col-sm-12\"><div class=\"vc_column-inner\"><div class=\"wpb_wrapper\">\n\t<div class=\"wpb_text_column wpb_content_element\" >\n\t\t<div class=\"wpb_wrapper\">\n\t\t\t<p>Hacemos env\u00edos a <strong>Vic\u00e1lvaro <\/strong>de Lunes a Viernes en d\u00edas laborables. Accede a nuestras <a href=\"http:\/\/copyboom.ro\/es\/condiciones-generales\/\">condiciones generales<\/a> si quieres informarte bien.<\/p>\n\n\t\t<\/div>\n\t<\/div>\n\n\t<div class=\"wpb_text_column wpb_content_element  wpb_animate_when_almost_visible wpb_bounceIn bounceIn\" >\n\t\t<div class=\"wpb_wrapper\">\n\t\t\t<p style=\"text-align: center;\"><a href=\"https:\/\/print.copyboom.es\/\" target=\"_blank\" rel=\"noopener\"><button class=\"btn-morado\">IMPRIME YA<\/button><\/a><\/p>\n\n\t\t<\/div>\n\t<\/div>\n<div class=\"vc_row wpb_row vc_inner vc_row-fluid vc_row-o-equal-height vc_row-flex\"><div class=\"wpb_column vc_column_container vc_col-sm-6\"><div class=\"vc_column-inner\"><div class=\"wpb_wrapper\">\n\t<div class=\"wpb_text_column wpb_content_element  vc_custom_1669905178725 morado verde-b\" >\n\t\t<div class=\"wpb_wrapper\">\n\t\t\t<h3 style=\"text-align: center;\"><a href=\"http:\/\/copyboom.ro\/es\/copisteria-online\/\"><strong>COPISTERIA ONLINE<\/strong><\/a><\/h3>\n\n\t\t<\/div>\n\t<\/div>\n<\/div><\/div><\/div><div class=\"wpb_column vc_column_container vc_col-sm-6\"><div class=\"vc_column-inner\"><div class=\"wpb_wrapper\">\n\t<div class=\"wpb_text_column wpb_content_element  vc_custom_1669905268265 morado verde-b\" >\n\t\t<div class=\"wpb_wrapper\">\n\t\t\t<h3 style=\"text-align: center;\"><a href=\"http:\/\/copyboom.ro\/es\/imprimir-online-envio-gratis\/\">IMPRIMIR ONLINE<\/a><\/h3>\n\n\t\t<\/div>\n\t<\/div>\n<\/div><\/div><\/div><\/div><\/div><\/div><\/div><\/div>","protected":false},"excerpt":{"rendered":"Fotocopias Baratas Vic\u00e1lvaro HACER FOTOCOPIAS Ahorra dinero haciendo tus fotocopias baratas sin renunciar a a un buen servicio de env\u00edo a domicilio ni a la calidad. \u00a1No busques m\u00e1s! Con nuestra herramienta lo tienes muy f\u00e1cil. Inicio Las Fotocopias m\u00e1s Baratas de Vic\u00e1lvaro con servicio premium \u00a1Bienvenido a Copyboom! El sitio donde obtener tus fotocopias [...]","protected":false},"author":1,"featured_media":0,"parent":123,"menu_order":0,"comment_status":"closed","ping_status":"closed","template":"","meta":{"_genesis_hide_title":false,"_genesis_hide_breadcrumbs":false,"_genesis_hide_singular_image":false,"_genesis_hide_footer_widgets":false,"_genesis_custom_body_class":"","_genesis_custom_post_class":"","_genesis_layout":"","footnotes":""},"class_list":{"0":"post-1542","1":"page","2":"type-page","3":"status-publish","5":"entry"},"_links":{"self":[{"href":"http:\/\/copyboom.ro\/es\/wp-json\/wp\/v2\/pages\/1542","targetHints":{"allow":["GET"]}}],"collection":[{"href":"http:\/\/copyboom.ro\/es\/wp-json\/wp\/v2\/pages"}],"about":[{"href":"http:\/\/copyboom.ro\/es\/wp-json\/wp\/v2\/types\/page"}],"author":[{"embeddable":true,"href":"http:\/\/copyboom.ro\/es\/wp-json\/wp\/v2\/users\/1"}],"replies":[{"embeddable":true,"href":"http:\/\/copyboom.ro\/es\/wp-json\/wp\/v2\/comments?post=1542"}],"version-history":[{"count":8,"href":"http:\/\/copyboom.ro\/es\/wp-json\/wp\/v2\/pages\/1542\/revisions"}],"predecessor-version":[{"id":4052,"href":"http:\/\/copyboom.ro\/es\/wp-json\/wp\/v2\/pages\/1542\/revisions\/4052"}],"up":[{"embeddable":true,"href":"http:\/\/copyboom.ro\/es\/wp-json\/wp\/v2\/pages\/123"}],"wp:attachment":[{"href":"http:\/\/copyboom.ro\/es\/wp-json\/wp\/v2\/media?parent=1542"}],"curies":[{"name":"wp","href":"https:\/\/api.w.org\/{rel}","templated":true}]}}